{"id":1034,"date":"2018-01-09T13:43:42","date_gmt":"2018-01-09T13:43:42","guid":{"rendered":"https:\/\/www.dialysezuerich.ch\/dialyse\/"},"modified":"2021-04-29T07:40:26","modified_gmt":"2021-04-29T07:40:26","slug":"dialysis","status":"publish","type":"page","link":"https:\/\/www.dialysezuerich.ch\/en\/dialysis\/","title":{"rendered":"Dialysis"},"content":{"rendered":"","protected":false},"excerpt":{"rendered":"","protected":false},"author":1,"featured_media":0,"parent":0,"menu_order":0,"comment_status":"closed","ping_status":"closed","template":"","meta":{"_acf_changed":false,"footnotes":""},"class_list":["post-1034","page","type-page","status-publish","hentry"],"acf":[],"yoast_head":"<!-- This site is optimized with the Yoast SEO plugin v27.0 - https:\/\/yoast.com\/product\/yoast-seo-wordpress\/ -->\n<title>Dialyse Z\u00fcrich | H\u00e4modialyse | Praxis &amp; Dialysezentrum Z\u00fcrich-City<\/title>\n<meta name=\"description\" content=\"Als erfahrene Nierenspezialisten bieten wir Ihnen eine umfassende \u00e4rztliche Betreuung an. Wir f\u00fchren alle Arten von Dialyse inklusive Heim-H\u00e4modialyse durch. Unser Dialysepflegepersonal verf\u00fcgt \u00fcber langj\u00e4hrige Erfahrung und kann Sie mehrsprachig unterst\u00fctzen.\" \/>\n<meta name=\"robots\" content=\"index, follow, max-snippet:-1, max-image-preview:large, max-video-preview:-1\" \/>\n<link rel=\"canonical\" href=\"https:\/\/www.dialysezuerich.ch\/en\/dialysis\/\" \/>\n<meta property=\"og:locale\" content=\"en_US\" \/>\n<meta property=\"og:type\" content=\"article\" \/>\n<meta property=\"og:title\" content=\"Dialyse Z\u00fcrich | H\u00e4modialyse | Praxis &amp; Dialysezentrum Z\u00fcrich-City\" \/>\n<meta property=\"og:description\" content=\"Als erfahrene Nierenspezialisten bieten wir Ihnen eine umfassende \u00e4rztliche Betreuung an. Wir f\u00fchren alle Arten von Dialyse inklusive Heim-H\u00e4modialyse durch. Unser Dialysepflegepersonal verf\u00fcgt \u00fcber langj\u00e4hrige Erfahrung und kann Sie mehrsprachig unterst\u00fctzen.\" \/>\n<meta property=\"og:url\" content=\"https:\/\/www.dialysezuerich.ch\/en\/dialysis\/\" \/>\n<meta property=\"og:site_name\" content=\"Dialysezentrum Z\u00fcrich-City\" \/>\n<meta property=\"article:modified_time\" content=\"2021-04-29T07:40:26+00:00\" \/>\n<meta name=\"twitter:card\" content=\"summary_large_image\" \/>\n<script type=\"application\/ld+json\" class=\"yoast-schema-graph\">{\"@context\":\"https:\/\/schema.org\",\"@graph\":[{\"@type\":\"WebPage\",\"@id\":\"https:\/\/www.dialysezuerich.ch\/en\/dialysis\/\",\"url\":\"https:\/\/www.dialysezuerich.ch\/en\/dialysis\/\",\"name\":\"Dialyse Z\u00fcrich | H\u00e4modialyse | Praxis & Dialysezentrum Z\u00fcrich-City\",\"isPartOf\":{\"@id\":\"https:\/\/www.dialysezuerich.ch\/en\/#website\"},\"datePublished\":\"2018-01-09T13:43:42+00:00\",\"dateModified\":\"2021-04-29T07:40:26+00:00\",\"description\":\"Als erfahrene Nierenspezialisten bieten wir Ihnen eine umfassende \u00e4rztliche Betreuung an. Wir f\u00fchren alle Arten von Dialyse inklusive Heim-H\u00e4modialyse durch. Unser Dialysepflegepersonal verf\u00fcgt \u00fcber langj\u00e4hrige Erfahrung und kann Sie mehrsprachig unterst\u00fctzen.\",\"breadcrumb\":{\"@id\":\"https:\/\/www.dialysezuerich.ch\/en\/dialysis\/#breadcrumb\"},\"inLanguage\":\"en-US\",\"potentialAction\":[{\"@type\":\"ReadAction\",\"target\":[\"https:\/\/www.dialysezuerich.ch\/en\/dialysis\/\"]}]},{\"@type\":\"BreadcrumbList\",\"@id\":\"https:\/\/www.dialysezuerich.ch\/en\/dialysis\/#breadcrumb\",\"itemListElement\":[{\"@type\":\"ListItem\",\"position\":1,\"name\":\"Home\",\"item\":\"https:\/\/www.dialysezuerich.ch\/en\/\"},{\"@type\":\"ListItem\",\"position\":2,\"name\":\"Dialysis\"}]},{\"@type\":\"WebSite\",\"@id\":\"https:\/\/www.dialysezuerich.ch\/en\/#website\",\"url\":\"https:\/\/www.dialysezuerich.ch\/en\/\",\"name\":\"Dialysezentrum Z\u00fcrich-City\",\"description\":\"Dialyse, Nephrologie und Hausarztpraxis in Z\u00fcrich-City\",\"potentialAction\":[{\"@type\":\"SearchAction\",\"target\":{\"@type\":\"EntryPoint\",\"urlTemplate\":\"https:\/\/www.dialysezuerich.ch\/en\/?s={search_term_string}\"},\"query-input\":{\"@type\":\"PropertyValueSpecification\",\"valueRequired\":true,\"valueName\":\"search_term_string\"}}],\"inLanguage\":\"en-US\"}]}<\/script>\n<!-- \/ Yoast SEO plugin. -->","yoast_head_json":{"title":"Dialyse Z\u00fcrich | H\u00e4modialyse | Praxis & Dialysezentrum Z\u00fcrich-City","description":"Als erfahrene Nierenspezialisten bieten wir Ihnen eine umfassende \u00e4rztliche Betreuung an. Wir f\u00fchren alle Arten von Dialyse inklusive Heim-H\u00e4modialyse durch. Unser Dialysepflegepersonal verf\u00fcgt \u00fcber langj\u00e4hrige Erfahrung und kann Sie mehrsprachig unterst\u00fctzen.","robots":{"index":"index","follow":"follow","max-snippet":"max-snippet:-1","max-image-preview":"max-image-preview:large","max-video-preview":"max-video-preview:-1"},"canonical":"https:\/\/www.dialysezuerich.ch\/en\/dialysis\/","og_locale":"en_US","og_type":"article","og_title":"Dialyse Z\u00fcrich | H\u00e4modialyse | Praxis & Dialysezentrum Z\u00fcrich-City","og_description":"Als erfahrene Nierenspezialisten bieten wir Ihnen eine umfassende \u00e4rztliche Betreuung an. Wir f\u00fchren alle Arten von Dialyse inklusive Heim-H\u00e4modialyse durch. Unser Dialysepflegepersonal verf\u00fcgt \u00fcber langj\u00e4hrige Erfahrung und kann Sie mehrsprachig unterst\u00fctzen.","og_url":"https:\/\/www.dialysezuerich.ch\/en\/dialysis\/","og_site_name":"Dialysezentrum Z\u00fcrich-City","article_modified_time":"2021-04-29T07:40:26+00:00","twitter_card":"summary_large_image","schema":{"@context":"https:\/\/schema.org","@graph":[{"@type":"WebPage","@id":"https:\/\/www.dialysezuerich.ch\/en\/dialysis\/","url":"https:\/\/www.dialysezuerich.ch\/en\/dialysis\/","name":"Dialyse Z\u00fcrich | H\u00e4modialyse | Praxis & Dialysezentrum Z\u00fcrich-City","isPartOf":{"@id":"https:\/\/www.dialysezuerich.ch\/en\/#website"},"datePublished":"2018-01-09T13:43:42+00:00","dateModified":"2021-04-29T07:40:26+00:00","description":"Als erfahrene Nierenspezialisten bieten wir Ihnen eine umfassende \u00e4rztliche Betreuung an. Wir f\u00fchren alle Arten von Dialyse inklusive Heim-H\u00e4modialyse durch. Unser Dialysepflegepersonal verf\u00fcgt \u00fcber langj\u00e4hrige Erfahrung und kann Sie mehrsprachig unterst\u00fctzen.","breadcrumb":{"@id":"https:\/\/www.dialysezuerich.ch\/en\/dialysis\/#breadcrumb"},"inLanguage":"en-US","potentialAction":[{"@type":"ReadAction","target":["https:\/\/www.dialysezuerich.ch\/en\/dialysis\/"]}]},{"@type":"BreadcrumbList","@id":"https:\/\/www.dialysezuerich.ch\/en\/dialysis\/#breadcrumb","itemListElement":[{"@type":"ListItem","position":1,"name":"Home","item":"https:\/\/www.dialysezuerich.ch\/en\/"},{"@type":"ListItem","position":2,"name":"Dialysis"}]},{"@type":"WebSite","@id":"https:\/\/www.dialysezuerich.ch\/en\/#website","url":"https:\/\/www.dialysezuerich.ch\/en\/","name":"Dialysezentrum Z\u00fcrich-City","description":"Dialyse, Nephrologie und Hausarztpraxis in Z\u00fcrich-City","potentialAction":[{"@type":"SearchAction","target":{"@type":"EntryPoint","urlTemplate":"https:\/\/www.dialysezuerich.ch\/en\/?s={search_term_string}"},"query-input":{"@type":"PropertyValueSpecification","valueRequired":true,"valueName":"search_term_string"}}],"inLanguage":"en-US"}]}},"_links":{"self":[{"href":"https:\/\/www.dialysezuerich.ch\/en\/wp-json\/wp\/v2\/pages\/1034","targetHints":{"allow":["GET"]}}],"collection":[{"href":"https:\/\/www.dialysezuerich.ch\/en\/wp-json\/wp\/v2\/pages"}],"about":[{"href":"https:\/\/www.dialysezuerich.ch\/en\/wp-json\/wp\/v2\/types\/page"}],"author":[{"embeddable":true,"href":"https:\/\/www.dialysezuerich.ch\/en\/wp-json\/wp\/v2\/users\/1"}],"replies":[{"embeddable":true,"href":"https:\/\/www.dialysezuerich.ch\/en\/wp-json\/wp\/v2\/comments?post=1034"}],"version-history":[{"count":4,"href":"https:\/\/www.dialysezuerich.ch\/en\/wp-json\/wp\/v2\/pages\/1034\/revisions"}],"predecessor-version":[{"id":1070,"href":"https:\/\/www.dialysezuerich.ch\/en\/wp-json\/wp\/v2\/pages\/1034\/revisions\/1070"}],"wp:attachment":[{"href":"https:\/\/www.dialysezuerich.ch\/en\/wp-json\/wp\/v2\/media?parent=1034"}],"curies":[{"name":"wp","href":"https:\/\/api.w.org\/{rel}","templated":true}]}}