{"id":1047,"date":"2018-01-09T13:43:55","date_gmt":"2018-01-09T13:43:55","guid":{"rendered":"https:\/\/www.dialysezuerich.ch\/kontakt\/"},"modified":"2021-08-05T09:44:45","modified_gmt":"2021-08-05T09:44:45","slug":"contact-us","status":"publish","type":"page","link":"https:\/\/www.dialysezuerich.ch\/en\/contact-us\/","title":{"rendered":"Contact us"},"content":{"rendered":"","protected":false},"excerpt":{"rendered":"","protected":false},"author":1,"featured_media":0,"parent":0,"menu_order":0,"comment_status":"closed","ping_status":"closed","template":"","meta":{"_acf_changed":false,"footnotes":""},"class_list":["post-1047","page","type-page","status-publish","hentry"],"acf":[],"yoast_head":"<!-- This site is optimized with the Yoast SEO plugin v27.0 - https:\/\/yoast.com\/product\/yoast-seo-wordpress\/ -->\n<title>Praxis und Dialysezentrum Z\u00fcrich-City | Stockerstrasse, Paradeplatz<\/title>\n<meta name=\"description\" content=\"Willkommen beim Dialysezentrum Z\u00fcrich-City an der Stockerstrasse 48 in 8002 Z\u00fcrich. Sie erreichen uns per Telefon oder \u00fcber eine Nachricht per Email oder Kontaktformular. \u260e +41 44 201 56 30\" \/>\n<meta name=\"robots\" content=\"index, follow, max-snippet:-1, max-image-preview:large, max-video-preview:-1\" \/>\n<link rel=\"canonical\" href=\"https:\/\/www.dialysezuerich.ch\/en\/contact-us\/\" \/>\n<meta property=\"og:locale\" content=\"en_US\" \/>\n<meta property=\"og:type\" content=\"article\" \/>\n<meta property=\"og:title\" content=\"Praxis und Dialysezentrum Z\u00fcrich-City | Stockerstrasse, Paradeplatz\" \/>\n<meta property=\"og:description\" content=\"Willkommen beim Dialysezentrum Z\u00fcrich-City an der Stockerstrasse 48 in 8002 Z\u00fcrich. Sie erreichen uns per Telefon oder \u00fcber eine Nachricht per Email oder Kontaktformular. \u260e +41 44 201 56 30\" \/>\n<meta property=\"og:url\" content=\"https:\/\/www.dialysezuerich.ch\/en\/contact-us\/\" \/>\n<meta property=\"og:site_name\" content=\"Dialysezentrum Z\u00fcrich-City\" \/>\n<meta property=\"article:modified_time\" content=\"2021-08-05T09:44:45+00:00\" \/>\n<meta name=\"twitter:card\" content=\"summary_large_image\" \/>\n<script type=\"application\/ld+json\" class=\"yoast-schema-graph\">{\"@context\":\"https:\/\/schema.org\",\"@graph\":[{\"@type\":\"WebPage\",\"@id\":\"https:\/\/www.dialysezuerich.ch\/en\/contact-us\/\",\"url\":\"https:\/\/www.dialysezuerich.ch\/en\/contact-us\/\",\"name\":\"Praxis und Dialysezentrum Z\u00fcrich-City | Stockerstrasse, Paradeplatz\",\"isPartOf\":{\"@id\":\"https:\/\/www.dialysezuerich.ch\/en\/#website\"},\"datePublished\":\"2018-01-09T13:43:55+00:00\",\"dateModified\":\"2021-08-05T09:44:45+00:00\",\"description\":\"Willkommen beim Dialysezentrum Z\u00fcrich-City an der Stockerstrasse 48 in 8002 Z\u00fcrich. Sie erreichen uns per Telefon oder \u00fcber eine Nachricht per Email oder Kontaktformular. \u260e +41 44 201 56 30\",\"breadcrumb\":{\"@id\":\"https:\/\/www.dialysezuerich.ch\/en\/contact-us\/#breadcrumb\"},\"inLanguage\":\"en-US\",\"potentialAction\":[{\"@type\":\"ReadAction\",\"target\":[\"https:\/\/www.dialysezuerich.ch\/en\/contact-us\/\"]}]},{\"@type\":\"BreadcrumbList\",\"@id\":\"https:\/\/www.dialysezuerich.ch\/en\/contact-us\/#breadcrumb\",\"itemListElement\":[{\"@type\":\"ListItem\",\"position\":1,\"name\":\"Home\",\"item\":\"https:\/\/www.dialysezuerich.ch\/en\/\"},{\"@type\":\"ListItem\",\"position\":2,\"name\":\"Contact us\"}]},{\"@type\":\"WebSite\",\"@id\":\"https:\/\/www.dialysezuerich.ch\/en\/#website\",\"url\":\"https:\/\/www.dialysezuerich.ch\/en\/\",\"name\":\"Dialysezentrum Z\u00fcrich-City\",\"description\":\"Dialyse, Nephrologie und Hausarztpraxis in Z\u00fcrich-City\",\"potentialAction\":[{\"@type\":\"SearchAction\",\"target\":{\"@type\":\"EntryPoint\",\"urlTemplate\":\"https:\/\/www.dialysezuerich.ch\/en\/?s={search_term_string}\"},\"query-input\":{\"@type\":\"PropertyValueSpecification\",\"valueRequired\":true,\"valueName\":\"search_term_string\"}}],\"inLanguage\":\"en-US\"}]}<\/script>\n<!-- \/ Yoast SEO plugin. -->","yoast_head_json":{"title":"Praxis und Dialysezentrum Z\u00fcrich-City | Stockerstrasse, Paradeplatz","description":"Willkommen beim Dialysezentrum Z\u00fcrich-City an der Stockerstrasse 48 in 8002 Z\u00fcrich. Sie erreichen uns per Telefon oder \u00fcber eine Nachricht per Email oder Kontaktformular. \u260e +41 44 201 56 30","robots":{"index":"index","follow":"follow","max-snippet":"max-snippet:-1","max-image-preview":"max-image-preview:large","max-video-preview":"max-video-preview:-1"},"canonical":"https:\/\/www.dialysezuerich.ch\/en\/contact-us\/","og_locale":"en_US","og_type":"article","og_title":"Praxis und Dialysezentrum Z\u00fcrich-City | Stockerstrasse, Paradeplatz","og_description":"Willkommen beim Dialysezentrum Z\u00fcrich-City an der Stockerstrasse 48 in 8002 Z\u00fcrich. Sie erreichen uns per Telefon oder \u00fcber eine Nachricht per Email oder Kontaktformular. \u260e +41 44 201 56 30","og_url":"https:\/\/www.dialysezuerich.ch\/en\/contact-us\/","og_site_name":"Dialysezentrum Z\u00fcrich-City","article_modified_time":"2021-08-05T09:44:45+00:00","twitter_card":"summary_large_image","schema":{"@context":"https:\/\/schema.org","@graph":[{"@type":"WebPage","@id":"https:\/\/www.dialysezuerich.ch\/en\/contact-us\/","url":"https:\/\/www.dialysezuerich.ch\/en\/contact-us\/","name":"Praxis und Dialysezentrum Z\u00fcrich-City | Stockerstrasse, Paradeplatz","isPartOf":{"@id":"https:\/\/www.dialysezuerich.ch\/en\/#website"},"datePublished":"2018-01-09T13:43:55+00:00","dateModified":"2021-08-05T09:44:45+00:00","description":"Willkommen beim Dialysezentrum Z\u00fcrich-City an der Stockerstrasse 48 in 8002 Z\u00fcrich. Sie erreichen uns per Telefon oder \u00fcber eine Nachricht per Email oder Kontaktformular. \u260e +41 44 201 56 30","breadcrumb":{"@id":"https:\/\/www.dialysezuerich.ch\/en\/contact-us\/#breadcrumb"},"inLanguage":"en-US","potentialAction":[{"@type":"ReadAction","target":["https:\/\/www.dialysezuerich.ch\/en\/contact-us\/"]}]},{"@type":"BreadcrumbList","@id":"https:\/\/www.dialysezuerich.ch\/en\/contact-us\/#breadcrumb","itemListElement":[{"@type":"ListItem","position":1,"name":"Home","item":"https:\/\/www.dialysezuerich.ch\/en\/"},{"@type":"ListItem","position":2,"name":"Contact us"}]},{"@type":"WebSite","@id":"https:\/\/www.dialysezuerich.ch\/en\/#website","url":"https:\/\/www.dialysezuerich.ch\/en\/","name":"Dialysezentrum Z\u00fcrich-City","description":"Dialyse, Nephrologie und Hausarztpraxis in Z\u00fcrich-City","potentialAction":[{"@type":"SearchAction","target":{"@type":"EntryPoint","urlTemplate":"https:\/\/www.dialysezuerich.ch\/en\/?s={search_term_string}"},"query-input":{"@type":"PropertyValueSpecification","valueRequired":true,"valueName":"search_term_string"}}],"inLanguage":"en-US"}]}},"_links":{"self":[{"href":"https:\/\/www.dialysezuerich.ch\/en\/wp-json\/wp\/v2\/pages\/1047","targetHints":{"allow":["GET"]}}],"collection":[{"href":"https:\/\/www.dialysezuerich.ch\/en\/wp-json\/wp\/v2\/pages"}],"about":[{"href":"https:\/\/www.dialysezuerich.ch\/en\/wp-json\/wp\/v2\/types\/page"}],"author":[{"embeddable":true,"href":"https:\/\/www.dialysezuerich.ch\/en\/wp-json\/wp\/v2\/users\/1"}],"replies":[{"embeddable":true,"href":"https:\/\/www.dialysezuerich.ch\/en\/wp-json\/wp\/v2\/comments?post=1047"}],"version-history":[{"count":6,"href":"https:\/\/www.dialysezuerich.ch\/en\/wp-json\/wp\/v2\/pages\/1047\/revisions"}],"predecessor-version":[{"id":1099,"href":"https:\/\/www.dialysezuerich.ch\/en\/wp-json\/wp\/v2\/pages\/1047\/revisions\/1099"}],"wp:attachment":[{"href":"https:\/\/www.dialysezuerich.ch\/en\/wp-json\/wp\/v2\/media?parent=1047"}],"curies":[{"name":"wp","href":"https:\/\/api.w.org\/{rel}","templated":true}]}}